{"id":51,"date":"2020-10-30T09:23:05","date_gmt":"2020-10-30T08:23:05","guid":{"rendered":"https:\/\/www.locabike.be\/?post_type=product&#038;p=51"},"modified":"2025-10-22T17:45:55","modified_gmt":"2025-10-22T15:45:55","slug":"cube-reaction-625","status":"publish","type":"product","link":"https:\/\/www.locabike.be\/index.php\/produit\/cube-reaction-625\/","title":{"rendered":"CUBE REACTION 625"},"content":{"rendered":"<p><span style=\"color: #135774;\">Ce VTT \u00e9lectrique semi-suspendu est id\u00e9al pour tous types de balades : en famille, entre amis, en couple, en solo ou pour d\u00e9buter. Avec l\u2019autonomie de sa batterie et sa puissance de 625 watts, vous pourrez d\u00e9couvrir notre belle r\u00e9gion dans un rayon de 60 \u00e0 80km.<\/span><\/p>\n<p><span style=\"color: #135774;\"><em><b>Un casque est propos\u00e9 gratuitement lors de la location de nos VTT \u00e9lectriques.<\/b><\/em><\/span><\/p>\n<p><b><span style=\"color: #135774;\">Horaires de location :<\/span><\/b><\/p>\n<p data-start=\"60\" data-end=\"215\"><strong data-start=\"60\" data-end=\"82\">P\u00e9riode scolaire :<\/strong> ouvert uniquement le samedi et le dimanche.<\/p>\n<p data-start=\"60\" data-end=\"215\"><em> Toutefois, nous restons joignables par t\u00e9l\u00e9phone pour toute demande durant la semaine.<\/em><\/p>\n<p data-start=\"217\" data-end=\"288\"><strong data-start=\"217\" data-end=\"241\">Vacances scolaires :<\/strong> ouvert tous les jours, du lundi au dimanche.<\/p>\n<p data-start=\"217\" data-end=\"288\"><b><\/b><strong><span style=\"color: #169dd6;\">Demi journ\u00e9e : de 9h00 &#8211; 12h00 et de\u00a0 14h00 &#8211; 17h00<br \/>\n<\/span><\/strong><strong><span style=\"color: #169dd6;\">Journ\u00e9e : 9h00 &#8211; 17h00<\/span><\/strong><\/p>\n<h2><span style=\"color: #135774;\"><strong><u>Options\u00a0:<\/u><\/strong><\/span><\/h2>\n<p>&nbsp;<\/p>\n<p style=\"text-align: left;\"><u><span style=\"color: #135774;\"><strong>Gps Garmin Edge explorer :\u00a0<\/strong><\/span><br \/>\n<\/u><div id=\"metaslider-id-56\" style=\"max-width: 300px;\" class=\"ml-slider-3-24-0 metaslider metaslider-flex metaslider-56 ml-slider ms-theme-blend has-dots-nav\">\n    <div id=\"metaslider_container_56\">\n        <div id=\"metaslider_56\">\n            <ul aria-live=\"polite\" class=\"slides\">\n                <li style=\"display: block; width: 100%;\" class=\"slide-60 ms-image\"><img loading=\"lazy\" decoding=\"async\" src=\"https:\/\/www.locabike.be\/wp-content\/uploads\/2020\/11\/Gps1-300x300.jpg\" height=\"300\" width=\"300\" alt=\"\" class=\"slider-56 slide-60\" title=\"Gps1\" \/><\/li>\n                <li style=\"display: none; width: 100%;\" class=\"slide-59 ms-image\"><img loading=\"lazy\" decoding=\"async\" src=\"https:\/\/www.locabike.be\/wp-content\/uploads\/2020\/10\/Gps2-300x300.jpg\" height=\"300\" width=\"300\" alt=\"\" class=\"slider-56 slide-59\" title=\"Gps2\" \/><\/li>\n            <\/ul>\n        <\/div>\n        \n    <\/div>\n<\/div><br \/>\n<span style=\"color: #135774;\">Pour profiter de notre r\u00e9gion en toute qui\u00e9tude, nous vous proposons \u00e0 la location, un GPS avec diff\u00e9rents parcours pr\u00e9-programm\u00e9s.<br \/>\n<a href=\"https:\/\/www.locabike.be\/index.php\/nos-parcours\/\">Consultez ici nos diff\u00e9rents parcours.<\/a><\/span><br \/>\n<strong><span style=\"color: #1a9cd6;\">Tarif : 15\u20ac<\/span><\/strong><\/p>\n<p><strong><u><span style=\"color: #135774;\">Si\u00e8ges enfants Bobike One :<\/span><br \/>\n<\/u><\/strong><u><div id=\"metaslider-id-71\" style=\"max-width: 300px;\" class=\"ml-slider-3-24-0 metaslider metaslider-flex metaslider-71 ml-slider ms-theme-blend has-dots-nav\">\n    <div id=\"metaslider_container_71\">\n        <div id=\"metaslider_71\">\n            <ul aria-live=\"polite\" class=\"slides\">\n                <li style=\"display: block; width: 100%;\" class=\"slide-75 ms-image\"><img loading=\"lazy\" decoding=\"async\" src=\"https:\/\/www.locabike.be\/wp-content\/uploads\/2020\/11\/003-300x300.jpg\" height=\"300\" width=\"300\" alt=\"\" class=\"slider-71 slide-75\" title=\"003\" \/><\/li>\n                <li style=\"display: none; width: 100%;\" class=\"slide-76 ms-image\"><img loading=\"lazy\" decoding=\"async\" src=\"https:\/\/www.locabike.be\/wp-content\/uploads\/2020\/10\/8012100001-2-300x300.jpg\" height=\"300\" width=\"300\" alt=\"\" class=\"slider-71 slide-76\" title=\"8012100001-2\" \/><\/li>\n                <li style=\"display: none; width: 100%;\" class=\"slide-77 ms-image\"><img loading=\"lazy\" decoding=\"async\" src=\"https:\/\/www.locabike.be\/wp-content\/uploads\/2020\/10\/8012100001-3-300x300.jpg\" height=\"300\" width=\"300\" alt=\"\" class=\"slider-71 slide-77\" title=\"8012100001-3\" \/><\/li>\n            <\/ul>\n        <\/div>\n        \n    <\/div>\n<\/div><\/u><strong><u><br \/>\n<\/u><\/strong><\/p>\n<p><span style=\"color: #135774;\">Si vous souhaitez faire une balade avec votre enfant, vous avez la possibilit\u00e9 de louer un ou plusieurs si\u00e8ges enfants. (Convient aux enfants de 9 mois \u00e0 6 ans ou maximum 22KG)<\/span><br \/>\n<span style=\"color: #1a9cd6;\"><strong>Tarif\u00a0: 10\u20ac<\/strong><\/span><\/p>\n<p><em><strong>\u00a0<\/strong><\/em><\/p>\n","protected":false},"excerpt":{"rendered":"<p>VTT \u00e9lectrique semi-suspendu id\u00e9al pour tous types de balades.<br \/>\n<b><span style=\"color: #135774;\">Horaires de location :<\/span><br \/>\n<\/b><strong><span style=\"color: #169dd6;\">Demi journ\u00e9e : de 9h00 &#8211; 12h00 et de\u00a0 14h00 &#8211; 17h00<br \/>\n<\/span><\/strong><strong><span style=\"color: #169dd6;\">Journ\u00e9e : 9h00 &#8211; 17h00<\/span><\/strong><\/p>\n","protected":false},"featured_media":621,"comment_status":"open","ping_status":"closed","template":"","meta":[],"product_brand":[],"product_cat":[15],"product_tag":[],"class_list":{"0":"post-51","1":"product","2":"type-product","3":"status-publish","4":"has-post-thumbnail","6":"product_cat-non-classe","8":"first","9":"outofstock","10":"taxable","11":"shipping-taxable","12":"purchasable","13":"product-type-redq_rental"},"yoast_head":"<!-- This site is optimized with the Yoast SEO plugin v15.3 - https:\/\/yoast.com\/wordpress\/plugins\/seo\/ -->\n<title>CUBE REACTION 625 - Loca-Bike Ardennes<\/title>\n<meta name=\"robots\" content=\"index, follow, max-snippet:-1, max-image-preview:large, max-video-preview:-1\" \/>\n<link rel=\"canonical\" href=\"https:\/\/www.locabike.be\/index.php\/produit\/cube-reaction-625\/\" \/>\n<meta property=\"og:locale\" content=\"fr_FR\" \/>\n<meta property=\"og:type\" content=\"article\" \/>\n<meta property=\"og:title\" content=\"CUBE REACTION 625 - Loca-Bike Ardennes\" \/>\n<meta property=\"og:description\" content=\"VTT \u00e9lectrique semi-suspendu id\u00e9al pour tous types de balades. Horaires de location : Demi journ\u00e9e : de 9h00 - 12h00 et de\u00a0 14h00 - 17h00 Journ\u00e9e : 9h00 - 17h00\" \/>\n<meta property=\"og:url\" content=\"https:\/\/www.locabike.be\/index.php\/produit\/cube-reaction-625\/\" \/>\n<meta property=\"og:site_name\" content=\"Loca-Bike Ardennes\" \/>\n<meta property=\"article:publisher\" content=\"https:\/\/www.facebook.com\/LOCA-BIKE-Ardennes-100123905242041\" \/>\n<meta property=\"article:modified_time\" content=\"2025-10-22T15:45:55+00:00\" \/>\n<meta property=\"og:image\" content=\"https:\/\/www.locabike.be\/wp-content\/uploads\/2020\/10\/reaction_2022.jpg\" \/>\n\t<meta property=\"og:image:width\" content=\"2560\" \/>\n\t<meta property=\"og:image:height\" content=\"2560\" \/>\n<meta name=\"twitter:card\" content=\"summary_large_image\" \/>\n<meta name=\"twitter:label1\" content=\"\u00c9crit par\">\n\t<meta name=\"twitter:data1\" content=\"matthieu\">\n\t<meta name=\"twitter:label2\" content=\"Dur\u00e9e de lecture est.\">\n\t<meta name=\"twitter:data2\" content=\"1 minute\">\n<script type=\"application\/ld+json\" class=\"yoast-schema-graph\">{\"@context\":\"https:\/\/schema.org\",\"@graph\":[{\"@type\":\"Organization\",\"@id\":\"https:\/\/www.locabike.be\/#organization\",\"name\":\"Loca-Bike Ardennes\",\"url\":\"https:\/\/www.locabike.be\/\",\"sameAs\":[\"https:\/\/www.facebook.com\/LOCA-BIKE-Ardennes-100123905242041\"],\"logo\":{\"@type\":\"ImageObject\",\"@id\":\"https:\/\/www.locabike.be\/#logo\",\"inLanguage\":\"fr-FR\",\"url\":\"https:\/\/www.locabike.be\/wp-content\/uploads\/2020\/11\/Favicon_Locabike.jpg\",\"width\":512,\"height\":512,\"caption\":\"Loca-Bike Ardennes\"},\"image\":{\"@id\":\"https:\/\/www.locabike.be\/#logo\"}},{\"@type\":\"WebSite\",\"@id\":\"https:\/\/www.locabike.be\/#website\",\"url\":\"https:\/\/www.locabike.be\/\",\"name\":\"Loca-Bike Ardennes\",\"description\":\"\",\"publisher\":{\"@id\":\"https:\/\/www.locabike.be\/#organization\"},\"potentialAction\":[{\"@type\":\"SearchAction\",\"target\":\"https:\/\/www.locabike.be\/?s={search_term_string}\",\"query-input\":\"required name=search_term_string\"}],\"inLanguage\":\"fr-FR\"},{\"@type\":\"ImageObject\",\"@id\":\"https:\/\/www.locabike.be\/index.php\/produit\/cube-reaction-625\/#primaryimage\",\"inLanguage\":\"fr-FR\",\"url\":\"https:\/\/www.locabike.be\/wp-content\/uploads\/2020\/10\/reaction_2022.jpg\",\"width\":2560,\"height\":2560},{\"@type\":\"WebPage\",\"@id\":\"https:\/\/www.locabike.be\/index.php\/produit\/cube-reaction-625\/#webpage\",\"url\":\"https:\/\/www.locabike.be\/index.php\/produit\/cube-reaction-625\/\",\"name\":\"CUBE REACTION 625 - Loca-Bike Ardennes\",\"isPartOf\":{\"@id\":\"https:\/\/www.locabike.be\/#website\"},\"primaryImageOfPage\":{\"@id\":\"https:\/\/www.locabike.be\/index.php\/produit\/cube-reaction-625\/#primaryimage\"},\"datePublished\":\"2020-10-30T08:23:05+00:00\",\"dateModified\":\"2025-10-22T15:45:55+00:00\",\"inLanguage\":\"fr-FR\",\"potentialAction\":[{\"@type\":\"ReadAction\",\"target\":[\"https:\/\/www.locabike.be\/index.php\/produit\/cube-reaction-625\/\"]}]}]}<\/script>\n<!-- \/ Yoast SEO plugin. -->","jetpack_sharing_enabled":true,"_links":{"self":[{"href":"https:\/\/www.locabike.be\/index.php\/wp-json\/wp\/v2\/product\/51","targetHints":{"allow":["GET"]}}],"collection":[{"href":"https:\/\/www.locabike.be\/index.php\/wp-json\/wp\/v2\/product"}],"about":[{"href":"https:\/\/www.locabike.be\/index.php\/wp-json\/wp\/v2\/types\/product"}],"replies":[{"embeddable":true,"href":"https:\/\/www.locabike.be\/index.php\/wp-json\/wp\/v2\/comments?post=51"}],"wp:featuredmedia":[{"embeddable":true,"href":"https:\/\/www.locabike.be\/index.php\/wp-json\/wp\/v2\/media\/621"}],"wp:attachment":[{"href":"https:\/\/www.locabike.be\/index.php\/wp-json\/wp\/v2\/media?parent=51"}],"wp:term":[{"taxonomy":"product_brand","embeddable":true,"href":"https:\/\/www.locabike.be\/index.php\/wp-json\/wp\/v2\/product_brand?post=51"},{"taxonomy":"product_cat","embeddable":true,"href":"https:\/\/www.locabike.be\/index.php\/wp-json\/wp\/v2\/product_cat?post=51"},{"taxonomy":"product_tag","embeddable":true,"href":"https:\/\/www.locabike.be\/index.php\/wp-json\/wp\/v2\/product_tag?post=51"}],"curies":[{"name":"wp","href":"https:\/\/api.w.org\/{rel}","templated":true}]}}